{"id":2390,"date":"2025-04-18T13:47:58","date_gmt":"2025-04-18T11:47:58","guid":{"rendered":"https:\/\/motoclassicwroclaw.pl\/fuer-medien\/"},"modified":"2025-07-14T18:40:19","modified_gmt":"2025-07-14T16:40:19","slug":"fuer-medien","status":"publish","type":"page","link":"https:\/\/motoclassicwroclaw.pl\/de\/fuer-medien\/","title":{"rendered":"F\u00fcr Medien"},"content":{"rendered":"\n<div class=\"wp-block-uagb-advanced-heading uagb-block-69b4d155\"><h1 class=\"uagb-heading-text\">F\u00fcr Medien<\/h1><\/div>\n\n\n\n<div class=\"wp-block-uagb-image uagb-block-9e421b72 wp-block-uagb-image--layout-default wp-block-uagb-image--effect-static wp-block-uagb-image--align-none\"><figure class=\"wp-block-uagb-image__figure\"><img decoding=\"async\" srcset=\"https:\/\/motoclassicwroclaw.pl\/wp-content\/uploads\/2024\/01\/topacz-wroclaw-motoclassic-dla-mediow-1024x358.jpg ,https:\/\/motoclassicwroclaw.pl\/wp-content\/uploads\/2024\/01\/topacz-wroclaw-motoclassic-dla-mediow-e1706255589471.jpg 780w, https:\/\/motoclassicwroclaw.pl\/wp-content\/uploads\/2024\/01\/topacz-wroclaw-motoclassic-dla-mediow-e1706255589471.jpg 360w\" sizes=\"auto, (max-width: 480px) 150px\" src=\"https:\/\/motoclassicwroclaw.pl\/wp-content\/uploads\/2024\/01\/topacz-wroclaw-motoclassic-dla-mediow-1024x358.jpg\" alt=\"\" class=\"uag-image-368\" width=\"1024\" height=\"358\" title=\"topacz-wroclaw-motoclassic-dla-mediow\" loading=\"lazy\" role=\"img\"\/><\/figure><\/div>\n\n\n\n<div class=\"wp-block-uagb-advanced-heading uagb-block-392cb901\"><h2 class=\"uagb-heading-text\">Ehrenschirmherren<\/h2><\/div>\n\n\n\n<div class=\"wp-block-uagb-container uagb-block-f6b97009 alignfull uagb-is-root-container\"><div class=\"uagb-container-inner-blocks-wrap\">\n<div class=\"wp-block-group is-content-justification-center is-nowrap is-layout-flex wp-container-core-group-is-layout-23441af8 wp-block-group-is-layout-flex\">\n<div class=\"wp-block-uagb-container uagb-block-f129e75d\">\n<figure class=\"wp-block-image size-large\"><img loading=\"lazy\" decoding=\"async\" width=\"1024\" height=\"297\" src=\"https:\/\/motoclassicwroclaw.pl\/wp-content\/uploads\/2025\/04\/cc_warszawa_cernobile_pozitivni_rgb-1024x297.png\" alt=\"\" class=\"wp-image-2211\" srcset=\"https:\/\/motoclassicwroclaw.pl\/wp-content\/uploads\/2025\/04\/cc_warszawa_cernobile_pozitivni_rgb-1024x297.png 1024w, https:\/\/motoclassicwroclaw.pl\/wp-content\/uploads\/2025\/04\/cc_warszawa_cernobile_pozitivni_rgb-300x87.png 300w, https:\/\/motoclassicwroclaw.pl\/wp-content\/uploads\/2025\/04\/cc_warszawa_cernobile_pozitivni_rgb-768x223.png 768w, https:\/\/motoclassicwroclaw.pl\/wp-content\/uploads\/2025\/04\/cc_warszawa_cernobile_pozitivni_rgb-1536x445.png 1536w, https:\/\/motoclassicwroclaw.pl\/wp-content\/uploads\/2025\/04\/cc_warszawa_cernobile_pozitivni_rgb-2048x593.png 2048w\" sizes=\"auto, (max-width: 1024px) 100vw, 1024px\" \/><\/figure>\n\n\n\n<div class=\"wp-block-uagb-advanced-heading uagb-block-efebb5ae\"><h6 class=\"uagb-heading-text\">Honorowy Patronat Ambasadora Republiki Czeskiej w Polsce<\/h6><\/div>\n<\/div>\n<\/div>\n\n\n\n<div class=\"wp-block-uagb-container uagb-block-829abf2f\">\n<div class=\"wp-block-uagb-image uagb-block-84aa9e5c wp-block-uagb-image--layout-default wp-block-uagb-image--effect-static wp-block-uagb-image--align-none\"><figure class=\"wp-block-uagb-image__figure\"><img decoding=\"async\" srcset=\"https:\/\/motoclassicwroclaw.pl\/wp-content\/uploads\/2025\/04\/Patronat_logotypy-1-1024x308.jpg ,https:\/\/motoclassicwroclaw.pl\/wp-content\/uploads\/2025\/04\/Patronat_logotypy-1.jpg 780w, https:\/\/motoclassicwroclaw.pl\/wp-content\/uploads\/2025\/04\/Patronat_logotypy-1.jpg 360w\" sizes=\"auto, (max-width: 480px) 150px\" src=\"https:\/\/motoclassicwroclaw.pl\/wp-content\/uploads\/2025\/04\/Patronat_logotypy-1-1024x308.jpg\" alt=\"\" class=\"uag-image-2297\" width=\"1024\" height=\"308\" title=\"Patronat_logotypy\" loading=\"lazy\" role=\"img\"\/><\/figure><\/div>\n<\/div>\n<\/div><\/div>\n\n\n\n<div class=\"wp-block-uagb-advanced-heading uagb-block-b67068c9\"><h2 class=\"uagb-heading-text\">Offizielle Partner<\/h2><\/div>\n\n\n\n<div class=\"wp-block-uagb-container uagb-block-14ddedbc alignfull uagb-is-root-container\"><div class=\"uagb-container-inner-blocks-wrap\">\n<div class=\"wp-block-uagb-container uagb-block-ae06bc62\">\n<div class=\"wp-block-uagb-image uagb-block-d4d2fe22 wp-block-uagb-image--layout-default wp-block-uagb-image--effect-static wp-block-uagb-image--align-none\"><figure class=\"wp-block-uagb-image__figure\"><img decoding=\"async\" srcset=\"https:\/\/motoclassicwroclaw.pl\/wp-content\/uploads\/2025\/04\/ZEGARKI_72DPI.png ,https:\/\/motoclassicwroclaw.pl\/wp-content\/uploads\/2025\/04\/ZEGARKI_72DPI.png 780w, https:\/\/motoclassicwroclaw.pl\/wp-content\/uploads\/2025\/04\/ZEGARKI_72DPI.png 360w\" sizes=\"auto, (max-width: 480px) 150px\" src=\"https:\/\/motoclassicwroclaw.pl\/wp-content\/uploads\/2025\/04\/ZEGARKI_72DPI.png\" alt=\"\" class=\"uag-image-2218\" width=\"600\" height=\"240\" title=\"ZEGARKI_72DPI\" loading=\"lazy\" role=\"img\"\/><\/figure><\/div>\n<\/div>\n\n\n\n<div class=\"wp-block-uagb-container uagb-block-7c4606e9\">\n<div class=\"wp-block-uagb-image uagb-block-2ea547c7 wp-block-uagb-image--layout-default wp-block-uagb-image--effect-static wp-block-uagb-image--align-none\"><figure class=\"wp-block-uagb-image__figure\"><img decoding=\"async\" srcset=\"https:\/\/motoclassicwroclaw.pl\/wp-content\/uploads\/2025\/05\/logo-gkpl-150x150.jpg ,https:\/\/motoclassicwroclaw.pl\/wp-content\/uploads\/2025\/05\/logo-gkpl.jpg 780w, https:\/\/motoclassicwroclaw.pl\/wp-content\/uploads\/2025\/05\/logo-gkpl.jpg 360w\" sizes=\"auto, (max-width: 480px) 150px\" src=\"https:\/\/motoclassicwroclaw.pl\/wp-content\/uploads\/2025\/05\/logo-gkpl-150x150.jpg\" alt=\"\" class=\"uag-image-2322\" width=\"150\" height=\"150\" title=\"logo-gkpl\" loading=\"lazy\" role=\"img\"\/><\/figure><\/div>\n<\/div>\n\n\n\n<div class=\"wp-block-uagb-container uagb-block-1383dc34\">\n<div class=\"wp-block-uagb-image uagb-block-945f0b76 wp-block-uagb-image--layout-default wp-block-uagb-image--effect-static wp-block-uagb-image--align-none\"><figure class=\"wp-block-uagb-image__figure\"><img decoding=\"async\" srcset=\"https:\/\/motoclassicwroclaw.pl\/wp-content\/uploads\/2025\/05\/AutoPlac-od-Yanosik-Poziom-Kolor-Biel-jpg-1-1024x150.jpg ,https:\/\/motoclassicwroclaw.pl\/wp-content\/uploads\/2025\/05\/AutoPlac-od-Yanosik-Poziom-Kolor-Biel-jpg-1-scaled.jpg 780w, https:\/\/motoclassicwroclaw.pl\/wp-content\/uploads\/2025\/05\/AutoPlac-od-Yanosik-Poziom-Kolor-Biel-jpg-1-scaled.jpg 360w\" sizes=\"auto, (max-width: 480px) 150px\" src=\"https:\/\/motoclassicwroclaw.pl\/wp-content\/uploads\/2025\/05\/AutoPlac-od-Yanosik-Poziom-Kolor-Biel-jpg-1-1024x150.jpg\" alt=\"\" class=\"uag-image-2426\" width=\"3346\" height=\"490\" title=\"AutoPlac od Yanosik Poziom Kolor Biel jpg\" loading=\"lazy\" role=\"img\"\/><\/figure><\/div>\n<\/div>\n\n\n\n<div class=\"wp-block-uagb-container uagb-block-dd56628c\">\n<div class=\"wp-block-uagb-image uagb-block-61603319 wp-block-uagb-image--layout-default wp-block-uagb-image--effect-static wp-block-uagb-image--align-none\"><figure class=\"wp-block-uagb-image__figure\"><img decoding=\"async\" srcset=\"https:\/\/motoclassicwroclaw.pl\/wp-content\/uploads\/2025\/06\/logo-monko-1_page-0001-1024x1024.jpg ,https:\/\/motoclassicwroclaw.pl\/wp-content\/uploads\/2025\/06\/logo-monko-1_page-0001.jpg 780w, https:\/\/motoclassicwroclaw.pl\/wp-content\/uploads\/2025\/06\/logo-monko-1_page-0001.jpg 360w\" sizes=\"auto, (max-width: 480px) 150px\" src=\"https:\/\/motoclassicwroclaw.pl\/wp-content\/uploads\/2025\/06\/logo-monko-1_page-0001-1024x1024.jpg\" alt=\"\" class=\"uag-image-2492\" width=\"1024\" height=\"1024\" title=\"logo monko-1_page-0001\" loading=\"lazy\" role=\"img\"\/><\/figure><\/div>\n<\/div>\n\n\n\n<div class=\"wp-block-uagb-container uagb-block-fd649b58\">\n<div class=\"wp-block-uagb-image uagb-block-a5104752 wp-block-uagb-image--layout-default wp-block-uagb-image--effect-static wp-block-uagb-image--align-none\"><figure class=\"wp-block-uagb-image__figure\"><img decoding=\"async\" srcset=\"https:\/\/motoclassicwroclaw.pl\/wp-content\/uploads\/2025\/06\/KRASNOLOD-logo-1_page-0001-1024x1024.jpg ,https:\/\/motoclassicwroclaw.pl\/wp-content\/uploads\/2025\/06\/KRASNOLOD-logo-1_page-0001.jpg 780w, https:\/\/motoclassicwroclaw.pl\/wp-content\/uploads\/2025\/06\/KRASNOLOD-logo-1_page-0001.jpg 360w\" sizes=\"auto, (max-width: 480px) 150px\" src=\"https:\/\/motoclassicwroclaw.pl\/wp-content\/uploads\/2025\/06\/KRASNOLOD-logo-1_page-0001-1024x1024.jpg\" alt=\"\" class=\"uag-image-2540\" width=\"1024\" height=\"1024\" title=\"KRASNOLOD logo-1_page-0001\" loading=\"lazy\" role=\"img\"\/><\/figure><\/div>\n<\/div>\n\n\n\n<div class=\"wp-block-uagb-container uagb-block-0e730b3f\">\n<div class=\"wp-block-uagb-image uagb-block-78ee67c2 wp-block-uagb-image--layout-default wp-block-uagb-image--effect-static wp-block-uagb-image--align-none\"><figure class=\"wp-block-uagb-image__figure\"><img decoding=\"async\" srcset=\"https:\/\/motoclassicwroclaw.pl\/wp-content\/uploads\/2025\/06\/Klasyczna-Strefa-11-2-819x1024.png ,https:\/\/motoclassicwroclaw.pl\/wp-content\/uploads\/2025\/06\/Klasyczna-Strefa-11-2.png 780w, https:\/\/motoclassicwroclaw.pl\/wp-content\/uploads\/2025\/06\/Klasyczna-Strefa-11-2.png 360w\" sizes=\"auto, (max-width: 480px) 150px\" src=\"https:\/\/motoclassicwroclaw.pl\/wp-content\/uploads\/2025\/06\/Klasyczna-Strefa-11-2-819x1024.png\" alt=\"\" class=\"uag-image-2488\" width=\"1890\" height=\"2363\" title=\"Klasyczna Strefa (1)(1)\" loading=\"lazy\" role=\"img\"\/><\/figure><\/div>\n<\/div>\n\n\n\n<div class=\"wp-block-uagb-container uagb-block-1ee3e8a8\">\n<div class=\"wp-block-uagb-image uagb-block-8637d072 wp-block-uagb-image--layout-default wp-block-uagb-image--effect-static wp-block-uagb-image--align-none\"><figure class=\"wp-block-uagb-image__figure\"><img decoding=\"async\" srcset=\"https:\/\/motoclassicwroclaw.pl\/wp-content\/uploads\/2025\/06\/KRUPAARTFOUNDATION_logo_RGB-1024x310.png ,https:\/\/motoclassicwroclaw.pl\/wp-content\/uploads\/2025\/06\/KRUPAARTFOUNDATION_logo_RGB-scaled.png 780w, https:\/\/motoclassicwroclaw.pl\/wp-content\/uploads\/2025\/06\/KRUPAARTFOUNDATION_logo_RGB-scaled.png 360w\" sizes=\"auto, (max-width: 480px) 150px\" src=\"https:\/\/motoclassicwroclaw.pl\/wp-content\/uploads\/2025\/06\/KRUPAARTFOUNDATION_logo_RGB-1024x310.png\" alt=\"\" class=\"uag-image-2535\" width=\"1024\" height=\"310\" title=\"KRUPAARTFOUNDATION_logo_RGB\" loading=\"lazy\" role=\"img\"\/><\/figure><\/div>\n<\/div>\n\n\n\n<div class=\"wp-block-uagb-container uagb-block-4fc9b9e2\">\n<div class=\"wp-block-uagb-image uagb-block-9cfe4307 wp-block-uagb-image--layout-default wp-block-uagb-image--effect-static wp-block-uagb-image--align-none\"><figure class=\"wp-block-uagb-image__figure\"><img decoding=\"async\" srcset=\"https:\/\/motoclassicwroclaw.pl\/wp-content\/uploads\/2025\/07\/Color_Col-Black-tag-Przyjaciel._False-Uklad_Poziom2x-1_page-0001.jpg ,https:\/\/motoclassicwroclaw.pl\/wp-content\/uploads\/2025\/07\/Color_Col-Black-tag-Przyjaciel._False-Uklad_Poziom2x-1_page-0001.jpg 780w, https:\/\/motoclassicwroclaw.pl\/wp-content\/uploads\/2025\/07\/Color_Col-Black-tag-Przyjaciel._False-Uklad_Poziom2x-1_page-0001.jpg 360w\" sizes=\"auto, (max-width: 480px) 150px\" src=\"https:\/\/motoclassicwroclaw.pl\/wp-content\/uploads\/2025\/07\/Color_Col-Black-tag-Przyjaciel._False-Uklad_Poziom2x-1_page-0001.jpg\" alt=\"\" class=\"uag-image-2559\" width=\"1024\" height=\"310\" title=\"Color_=Col Black, +tag Przyjaciel..._=False, Uklad_=Poziom2x-1_page-0001\" loading=\"lazy\" role=\"img\"\/><\/figure><\/div>\n<\/div>\n\n\n\n<div class=\"wp-block-uagb-container uagb-block-6f6ade42\">\n<div class=\"wp-block-uagb-image uagb-block-dd40adf6 wp-block-uagb-image--layout-default wp-block-uagb-image--effect-static wp-block-uagb-image--align-none\"><figure class=\"wp-block-uagb-image__figure\"><img decoding=\"async\" srcset=\"https:\/\/motoclassicwroclaw.pl\/wp-content\/uploads\/2025\/07\/Ossolineum-poziom-czarny-pl-MPT.png ,https:\/\/motoclassicwroclaw.pl\/wp-content\/uploads\/2025\/07\/Ossolineum-poziom-czarny-pl-MPT.png 780w, https:\/\/motoclassicwroclaw.pl\/wp-content\/uploads\/2025\/07\/Ossolineum-poziom-czarny-pl-MPT.png 360w\" sizes=\"auto, (max-width: 480px) 150px\" src=\"https:\/\/motoclassicwroclaw.pl\/wp-content\/uploads\/2025\/07\/Ossolineum-poziom-czarny-pl-MPT.png\" alt=\"\" class=\"uag-image-2574\" width=\"1024\" height=\"310\" title=\"Ossolineum-poziom-czarny-pl-MPT\" loading=\"lazy\" role=\"img\"\/><\/figure><\/div>\n<\/div>\n\n\n\n<div class=\"wp-block-uagb-container uagb-block-88c18ea9\">\n<div class=\"wp-block-uagb-image uagb-block-9a9ae9e5 wp-block-uagb-image--layout-default wp-block-uagb-image--effect-static wp-block-uagb-image--align-none\"><figure class=\"wp-block-uagb-image__figure\"><img decoding=\"async\" srcset=\"https:\/\/motoclassicwroclaw.pl\/wp-content\/uploads\/2025\/07\/czarny_prostokat_bezt-tla-1024x514.jpg ,https:\/\/motoclassicwroclaw.pl\/wp-content\/uploads\/2025\/07\/czarny_prostokat_bezt-tla.jpg 780w, https:\/\/motoclassicwroclaw.pl\/wp-content\/uploads\/2025\/07\/czarny_prostokat_bezt-tla.jpg 360w\" sizes=\"auto, (max-width: 480px) 150px\" src=\"https:\/\/motoclassicwroclaw.pl\/wp-content\/uploads\/2025\/07\/czarny_prostokat_bezt-tla-1024x514.jpg\" alt=\"\" class=\"uag-image-2583\" width=\"1024\" height=\"514\" title=\"czarny_prostok\u0105t_bezt t\u0142a\" loading=\"lazy\" role=\"img\"\/><\/figure><\/div>\n<\/div>\n<\/div><\/div>\n\n\n\n<div class=\"wp-block-uagb-image uagb-block-df5e9080 wp-block-uagb-image--layout-default wp-block-uagb-image--effect-static wp-block-uagb-image--align-none\"><figure class=\"wp-block-uagb-image__figure\"><\/figure><\/div>\n\n\n\n<div class=\"wp-block-uagb-advanced-heading uagb-block-ab2365ce\"><h2 class=\"uagb-heading-text\">Medienpartner<\/h2><\/div>\n\n\n\n<div class=\"wp-block-uagb-container uagb-block-d71a9da1 alignfull uagb-is-root-container\"><div class=\"uagb-container-inner-blocks-wrap\">\n<div class=\"wp-block-uagb-container uagb-block-83ad383e\">\n<div class=\"wp-block-uagb-image uagb-block-046cbd79 wp-block-uagb-image--layout-default wp-block-uagb-image--effect-static wp-block-uagb-image--align-none\"><figure class=\"wp-block-uagb-image__figure\"><img decoding=\"async\" srcset=\"https:\/\/motoclassicwroclaw.pl\/wp-content\/uploads\/2025\/04\/HOUSE-OF-CLASSICS_01-150x150.jpg ,https:\/\/motoclassicwroclaw.pl\/wp-content\/uploads\/2025\/04\/HOUSE-OF-CLASSICS_01.jpg 780w, https:\/\/motoclassicwroclaw.pl\/wp-content\/uploads\/2025\/04\/HOUSE-OF-CLASSICS_01.jpg 360w\" sizes=\"auto, (max-width: 480px) 150px\" src=\"https:\/\/motoclassicwroclaw.pl\/wp-content\/uploads\/2025\/04\/HOUSE-OF-CLASSICS_01-150x150.jpg\" alt=\"\" class=\"uag-image-2222\" width=\"150\" height=\"150\" title=\"HOUSE OF CLASSICS_01\" loading=\"lazy\" role=\"img\"\/><\/figure><\/div>\n<\/div>\n\n\n\n<div class=\"wp-block-uagb-container uagb-block-b1997d65\">\n<div class=\"wp-block-uagb-image uagb-block-13f28fe9 wp-block-uagb-image--layout-default wp-block-uagb-image--effect-static wp-block-uagb-image--align-none\"><figure class=\"wp-block-uagb-image__figure\"><img decoding=\"async\" srcset=\"https:\/\/motoclassicwroclaw.pl\/wp-content\/uploads\/2025\/05\/Automobilista-nowe-logo-1024x226.jpg ,https:\/\/motoclassicwroclaw.pl\/wp-content\/uploads\/2025\/05\/Automobilista-nowe-logo.jpg 780w, https:\/\/motoclassicwroclaw.pl\/wp-content\/uploads\/2025\/05\/Automobilista-nowe-logo.jpg 360w\" sizes=\"auto, (max-width: 480px) 150px\" src=\"https:\/\/motoclassicwroclaw.pl\/wp-content\/uploads\/2025\/05\/Automobilista-nowe-logo-1024x226.jpg\" alt=\"\" class=\"uag-image-2307\" width=\"333\" height=\"73\" title=\"Automobilista nowe logo\" loading=\"lazy\" role=\"img\"\/><\/figure><\/div>\n<\/div>\n\n\n\n<div class=\"wp-block-uagb-container uagb-block-5b338559\">\n<div class=\"wp-block-uagb-image uagb-block-40c537ed wp-block-uagb-image--layout-default wp-block-uagb-image--effect-static wp-block-uagb-image--align-none\"><figure class=\"wp-block-uagb-image__figure\"><img decoding=\"async\" srcset=\"https:\/\/motoclassicwroclaw.pl\/wp-content\/uploads\/2025\/05\/logo-prawidlowe-edited-1024x577.png ,https:\/\/motoclassicwroclaw.pl\/wp-content\/uploads\/2025\/05\/logo-prawidlowe-edited.png 780w, https:\/\/motoclassicwroclaw.pl\/wp-content\/uploads\/2025\/05\/logo-prawidlowe-edited.png 360w\" sizes=\"auto, (max-width: 480px) 150px\" src=\"https:\/\/motoclassicwroclaw.pl\/wp-content\/uploads\/2025\/05\/logo-prawidlowe-edited-1024x577.png\" alt=\"\" class=\"uag-image-2313\" width=\"310\" height=\"158\" title=\"logo prawidlowe\" loading=\"lazy\" role=\"img\"\/><\/figure><\/div>\n<\/div>\n\n\n\n<div class=\"wp-block-uagb-container uagb-block-d73458e8\">\n<div class=\"wp-block-uagb-image uagb-block-ccb0d66d wp-block-uagb-image--layout-default wp-block-uagb-image--effect-static wp-block-uagb-image--align-none\"><figure class=\"wp-block-uagb-image__figure\"><img decoding=\"async\" srcset=\"https:\/\/motoclassicwroclaw.pl\/wp-content\/uploads\/2025\/06\/GW_nowelogo-1024x168.jpg ,https:\/\/motoclassicwroclaw.pl\/wp-content\/uploads\/2025\/06\/GW_nowelogo.jpg 780w, https:\/\/motoclassicwroclaw.pl\/wp-content\/uploads\/2025\/06\/GW_nowelogo.jpg 360w\" sizes=\"auto, (max-width: 480px) 150px\" src=\"https:\/\/motoclassicwroclaw.pl\/wp-content\/uploads\/2025\/06\/GW_nowelogo-1024x168.jpg\" alt=\"\" class=\"uag-image-2544\" width=\"1024\" height=\"577\" title=\"GW_nowelogo\" loading=\"lazy\" role=\"img\"\/><\/figure><\/div>\n<\/div>\n<\/div><\/div>\n\n\n\n<div class=\"wp-block-uagb-advanced-heading uagb-block-95999bcd\"><h2 class=\"uagb-heading-text\">Medienmaterialien<\/h2><\/div>\n\n\n\n<div class=\"wp-block-uagb-separator uagb-block-4a40fbb4\"><div class=\"wp-block-uagb-separator__inner\" style=\"--my-background-image:\"><\/div><\/div>\n\n\n\n<div class=\"wp-block-uagb-container uagb-block-4f280926 alignfull uagb-is-root-container\"><div class=\"uagb-container-inner-blocks-wrap\">\n<div class=\"wp-block-uagb-buttons uagb-buttons__outer-wrap uagb-btn__default-btn uagb-btn-tablet__default-btn uagb-btn-mobile__default-btn uagb-block-855c6f6e\"><div class=\"uagb-buttons__wrap uagb-buttons-layout-wrap \">\n<div class=\"wp-block-uagb-buttons-child uagb-buttons__outer-wrap uagb-block-fe91dd35 wp-block-button\"><div class=\"uagb-button__wrapper\"><a class=\"uagb-buttons-repeater wp-block-button__link\" aria-label=\"\" href=\"#\" rel=\"follow noopener\" target=\"_self\" role=\"button\"><div class=\"uagb-button__link\">Materia\u0142y dla medi\u00f3w<\/div><\/a><\/div><\/div>\n\n\n\n<div class=\"wp-block-uagb-buttons-child uagb-buttons__outer-wrap uagb-block-3fc48481 wp-block-button\"><div class=\"uagb-button__wrapper\"><a class=\"uagb-buttons-repeater wp-block-button__link\" aria-label=\"\" href=\"https:\/\/motoclassicwroclaw.pl\/wp-content\/uploads\/2025\/04\/Stories_MotoClassic2025-scaled.png\" rel=\"follow noopener\" target=\"_blank\" role=\"button\"><div class=\"uagb-button__link\">Materia\u0142y dla tw\u00f3rc\u00f3w<\/div><\/a><\/div><\/div>\n<\/div><\/div>\n<\/div><\/div>\n\n\n\n<p><\/p>\n","protected":false},"excerpt":{"rendered":"<p>F\u00fcr Medien Ehrenschirmherren Honorowy Patronat Ambasadora Republiki Czeskiej w Polsce Offizielle Partner Medienpartner Medienmaterialien<\/p>\n","protected":false},"author":2,"featured_media":0,"parent":0,"menu_order":0,"comment_status":"closed","ping_status":"closed","template":"","meta":{"_acf_changed":false,"_uag_custom_page_level_css":"","footnotes":""},"class_list":["post-2390","page","type-page","status-publish","hentry"],"blocksy_meta":[],"acf":[],"uagb_featured_image_src":{"full":false,"thumbnail":false,"medium":false,"medium_large":false,"large":false,"1536x1536":false,"2048x2048":false},"uagb_author_info":{"display_name":"Aleksandra Muller","author_link":"https:\/\/motoclassicwroclaw.pl\/de\/author\/amullerzamektopacz-pl\/"},"uagb_comment_info":0,"uagb_excerpt":"F\u00fcr Medien Ehrenschirmherren Honorowy Patronat Ambasadora Republiki Czeskiej w Polsce Offizielle Partner Medienpartner Medienmaterialien","_links":{"self":[{"href":"https:\/\/motoclassicwroclaw.pl\/de\/wp-json\/wp\/v2\/pages\/2390","targetHints":{"allow":["GET"]}}],"collection":[{"href":"https:\/\/motoclassicwroclaw.pl\/de\/wp-json\/wp\/v2\/pages"}],"about":[{"href":"https:\/\/motoclassicwroclaw.pl\/de\/wp-json\/wp\/v2\/types\/page"}],"author":[{"embeddable":true,"href":"https:\/\/motoclassicwroclaw.pl\/de\/wp-json\/wp\/v2\/users\/2"}],"replies":[{"embeddable":true,"href":"https:\/\/motoclassicwroclaw.pl\/de\/wp-json\/wp\/v2\/comments?post=2390"}],"version-history":[{"count":9,"href":"https:\/\/motoclassicwroclaw.pl\/de\/wp-json\/wp\/v2\/pages\/2390\/revisions"}],"predecessor-version":[{"id":2587,"href":"https:\/\/motoclassicwroclaw.pl\/de\/wp-json\/wp\/v2\/pages\/2390\/revisions\/2587"}],"wp:attachment":[{"href":"https:\/\/motoclassicwroclaw.pl\/de\/wp-json\/wp\/v2\/media?parent=2390"}],"curies":[{"name":"wp","href":"https:\/\/api.w.org\/{rel}","templated":true}]}}